{"id":333,"date":"2014-04-02T14:40:54","date_gmt":"2014-04-02T12:40:54","guid":{"rendered":"http:\/\/www.bibsclean.sk\/?page_id=333"},"modified":"2017-09-28T10:22:29","modified_gmt":"2017-09-28T08:22:29","slug":"upratovanie-vchodov","status":"publish","type":"page","link":"https:\/\/www.bibsclean.sk\/?page_id=333","title":{"rendered":"Upratovanie dom\u00e1cnost\u00ed"},"content":{"rendered":"<p style=\"text-align: center;\"><strong>Pravideln\u00e9 aj jednorazov\u00e9 upratovanie<\/strong><\/p>\n<p style=\"text-align: center;\">\n<p>* utieranie prachu, o\u0161etrenie n\u00e1bytku<\/p>\n<p>* vys\u00e1vanie a um\u00fdvanie podlahy<\/p>\n<p>* um\u00fdvanie a dezinfekcia k\u00fapeln\u00ed a WC<\/p>\n<p>* um\u00fdvanie kuchyne a kuchynsk\u00fdch spotrebi\u010dov<\/p>\n<p>&nbsp;<\/p>\n<p>Cena sa ur\u010duje po obhliadke\u00a0 dom\u00e1cnosti &#8211; individu\u00e1lne.<\/p>\n<p>&nbsp;<\/p>\n<p>&nbsp;<\/p>\n<p>&nbsp;<\/p>\n<p>&nbsp;<\/p>\n<p>&nbsp;<\/p>\n<p>&nbsp;<\/p>\n<p>&nbsp;<\/p>\n<p>&nbsp;<\/p>\n<p>&nbsp;<\/p>\n<p>&nbsp;<\/p>\n<p>&nbsp;<\/p>\n<p>&nbsp;<\/p>\n<h6 style=\"text-align: justify;\"><sup>*Ceny uveden\u00e9 v sekcii &#8222;upratovanie vchodov&#8220; platia pre bytov\u00e9 domy, kde sa v jednom vchode nach\u00e1dza 16 a viac bytov\u00fdch jednotiek. Pre bytov\u00e9 domy s men\u0161\u00edm po\u010dtom bytov\u00fdch jednotiek v jednom vchode sa ceny ur\u010duj\u00fa dohodou.<\/sup><\/h6>\n","protected":false},"excerpt":{"rendered":"<p>Pravideln\u00e9 aj jednorazov\u00e9 upratovanie * utieranie prachu, o\u0161etrenie n\u00e1bytku * vys\u00e1vanie a um\u00fdvanie podlahy * um\u00fdvanie a dezinfekcia k\u00fapeln\u00ed a WC * um\u00fdvanie kuchyne a kuchynsk\u00fdch spotrebi\u010dov &nbsp; Cena sa ur\u010duje po obhliadke\u00a0 dom\u00e1cnosti &#8211; individu\u00e1lne. &nbsp; &nbsp; &nbsp; &nbsp; &nbsp; &nbsp; &nbsp; &nbsp; &nbsp; &nbsp; &nbsp; &nbsp; *Ceny uveden\u00e9 v sekcii &#8222;upratovanie vchodov&#8220; platia [&hellip;]<\/p>\n","protected":false},"author":1,"featured_media":0,"parent":0,"menu_order":0,"comment_status":"closed","ping_status":"closed","template":"","meta":[],"_links":{"self":[{"href":"https:\/\/www.bibsclean.sk\/index.php?rest_route=\/wp\/v2\/pages\/333"}],"collection":[{"href":"https:\/\/www.bibsclean.sk\/index.php?rest_route=\/wp\/v2\/pages"}],"about":[{"href":"https:\/\/www.bibsclean.sk\/index.php?rest_route=\/wp\/v2\/types\/page"}],"author":[{"embeddable":true,"href":"https:\/\/www.bibsclean.sk\/index.php?rest_route=\/wp\/v2\/users\/1"}],"replies":[{"embeddable":true,"href":"https:\/\/www.bibsclean.sk\/index.php?rest_route=%2Fwp%2Fv2%2Fcomments&post=333"}],"version-history":[{"count":21,"href":"https:\/\/www.bibsclean.sk\/index.php?rest_route=\/wp\/v2\/pages\/333\/revisions"}],"predecessor-version":[{"id":546,"href":"https:\/\/www.bibsclean.sk\/index.php?rest_route=\/wp\/v2\/pages\/333\/revisions\/546"}],"wp:attachment":[{"href":"https:\/\/www.bibsclean.sk\/index.php?rest_route=%2Fwp%2Fv2%2Fmedia&parent=333"}],"curies":[{"name":"wp","href":"https:\/\/api.w.org\/{rel}","templated":true}]}}