{"id":330,"date":"2014-04-02T14:23:24","date_gmt":"2014-04-02T12:23:24","guid":{"rendered":"http:\/\/www.bibsclean.sk\/?page_id=330"},"modified":"2020-10-19T21:00:53","modified_gmt":"2020-10-19T19:00:53","slug":"upratovanie-firiem","status":"publish","type":"page","link":"https:\/\/www.bibsclean.sk\/?page_id=330","title":{"rendered":"Upratovanie firiem"},"content":{"rendered":"<table style=\"height: 626px;\" border=\"0\" width=\"654\" cellpadding=\"0\">\n<tbody>\n<tr>\n<td style=\"text-align: center;\" colspan=\"3\"><strong>Pravideln\u00e9 upratovanie firiem<\/strong><\/td>\n<\/tr>\n<tr>\n<td style=\"text-align: left;\">Cena upratovania sa vypo\u010d\u00edta po obhliadke priestorov a stanovuje sa individu\u00e1lne.<\/td>\n<td colspan=\"2\"><\/td>\n<\/tr>\n<tr>\n<td>Be\u017en\u00e1 cena\u00a0\u00a0\u00a0\u00a0\u00a0\u00a0\u00a0\u00a0\u00a0\u00a0\u00a0\u00a0\u00a0\u00a0\u00a0\u00a0\u00a0\u00a0\u00a0\u00a0\u00a0\u00a0\u00a0\u00a0\u00a0\u00a0\u00a0\u00a0\u00a0\u00a0\u00a0\u00a0\u00a0\u00a0\u00a0\u00a0\u00a0\u00a0\u00a0\u00a0\u00a0\u00a0\u00a0\u00a0\u00a0\u00a0\u00a0\u00a0\u00a0\u00a0\u00a0\u00a0\u00a0\u00a0\u00a0\u00a0\u00a0\u00a0\u00a0\u00a0\u00a0 od 0,95 \u20ac\/ m2<\/td>\n<td colspan=\"2\"><\/td>\n<\/tr>\n<tr>\n<td colspan=\"3\">\n<p align=\"center\"><b>Utieranie prachu, le\u0161tenie n\u00e1bytku a in\u00e9 \u010distenie<\/b><\/p>\n<\/td>\n<\/tr>\n<tr>\n<td>Utieranie prachu, le\u0161tenie n\u00e1bytku<\/td>\n<td colspan=\"2\">od\u00a011,50 \u20ac\/hod.<\/td>\n<\/tr>\n<tr>\n<td colspan=\"3\">\n<p align=\"center\"><b>Jednorazov\u00e9 upratovanie firiem<\/b><\/p>\n<\/td>\n<\/tr>\n<tr>\n<td colspan=\"3\">Jednorazov\u00e9 upratovanie zh\u0155\u0148a: vys\u00e1vanie kobercov, um\u00fdvanie podl\u00e1h, utretie prachu, um\u00fdvanie okien\u00a0+\u00a0r\u00e1m, parapety, k\u013eu\u010dky, um\u00fdvanie sprchov\u00fdch k\u00fatov, van\u00ed, bat\u00e9ri\u00ed, um\u00fdvadiel a WC, um\u00fdvanie dver\u00ed a\u00a0z\u00e1rubn\u00ed.\u00a0V\u00a0pr\u00edpade siln\u00e9ho zne\u010distenia mo\u017en\u00fd pr\u00edplatok do v\u00fd\u0161ky a\u017e 50% z\u00e1kladnej ceny.<\/p>\n<p align=\"center\"><b>Cena za komplexn\u00e9 jednor\u00e1zov\u00e9 \u010distenie\u00a0sa stanovuje individu\u00e1lne<\/b><\/p>\n<p align=\"center\">V pr\u00edpade upratovania ve\u013ek\u00fdch pl\u00f4ch sa cena ur\u010duje individu\u00e1lne po predch\u00e1dzaj\u00facej dohode so z\u00e1kazn\u00edkom.<\/p>\n<\/td>\n<\/tr>\n<\/tbody>\n<\/table>\n<p><i>Ceny s\u00fa kone\u010dn\u00e9 <strong>vr\u00e1tane DPH<\/strong> bez ak\u00fdchko\u013evek skryt\u00fdch poplatkov a\u00a0v\u00a0cene s\u00fa zahrnut\u00e9 aj \u010distiace prostriedky. Ceny s\u00fa stanoven\u00e9 za be\u017en\u00e9 zne\u010distenie.<\/i><\/p>\n","protected":false},"excerpt":{"rendered":"<p>Pravideln\u00e9 upratovanie firiem Cena upratovania sa vypo\u010d\u00edta po obhliadke priestorov a stanovuje sa individu\u00e1lne. Be\u017en\u00e1 cena\u00a0\u00a0\u00a0\u00a0\u00a0\u00a0\u00a0\u00a0\u00a0\u00a0\u00a0\u00a0\u00a0\u00a0\u00a0\u00a0\u00a0\u00a0\u00a0\u00a0\u00a0\u00a0\u00a0\u00a0\u00a0\u00a0\u00a0\u00a0\u00a0\u00a0\u00a0\u00a0\u00a0\u00a0\u00a0\u00a0\u00a0\u00a0\u00a0\u00a0\u00a0\u00a0\u00a0\u00a0\u00a0\u00a0\u00a0\u00a0\u00a0\u00a0\u00a0\u00a0\u00a0\u00a0\u00a0\u00a0\u00a0\u00a0\u00a0\u00a0\u00a0 od 0,95 \u20ac\/ m2 Utieranie prachu, le\u0161tenie n\u00e1bytku a in\u00e9 \u010distenie Utieranie prachu, le\u0161tenie n\u00e1bytku od\u00a011,50 \u20ac\/hod. Jednorazov\u00e9 upratovanie firiem Jednorazov\u00e9 upratovanie zh\u0155\u0148a: vys\u00e1vanie kobercov, um\u00fdvanie podl\u00e1h, utretie prachu, um\u00fdvanie okien\u00a0+\u00a0r\u00e1m, parapety, k\u013eu\u010dky, um\u00fdvanie sprchov\u00fdch k\u00fatov, van\u00ed, bat\u00e9ri\u00ed, um\u00fdvadiel [&hellip;]<\/p>\n","protected":false},"author":1,"featured_media":0,"parent":0,"menu_order":0,"comment_status":"closed","ping_status":"closed","template":"","meta":[],"_links":{"self":[{"href":"https:\/\/www.bibsclean.sk\/index.php?rest_route=\/wp\/v2\/pages\/330"}],"collection":[{"href":"https:\/\/www.bibsclean.sk\/index.php?rest_route=\/wp\/v2\/pages"}],"about":[{"href":"https:\/\/www.bibsclean.sk\/index.php?rest_route=\/wp\/v2\/types\/page"}],"author":[{"embeddable":true,"href":"https:\/\/www.bibsclean.sk\/index.php?rest_route=\/wp\/v2\/users\/1"}],"replies":[{"embeddable":true,"href":"https:\/\/www.bibsclean.sk\/index.php?rest_route=%2Fwp%2Fv2%2Fcomments&post=330"}],"version-history":[{"count":8,"href":"https:\/\/www.bibsclean.sk\/index.php?rest_route=\/wp\/v2\/pages\/330\/revisions"}],"predecessor-version":[{"id":556,"href":"https:\/\/www.bibsclean.sk\/index.php?rest_route=\/wp\/v2\/pages\/330\/revisions\/556"}],"wp:attachment":[{"href":"https:\/\/www.bibsclean.sk\/index.php?rest_route=%2Fwp%2Fv2%2Fmedia&parent=330"}],"curies":[{"name":"wp","href":"https:\/\/api.w.org\/{rel}","templated":true}]}}