{"id":315,"date":"2014-04-02T13:01:49","date_gmt":"2014-04-02T11:01:49","guid":{"rendered":"http:\/\/www.bibsclean.sk\/?page_id=315"},"modified":"2014-04-02T13:08:06","modified_gmt":"2014-04-02T11:08:06","slug":"umyvanie-okien","status":"publish","type":"page","link":"https:\/\/www.bibsclean.sk\/?page_id=315","title":{"rendered":"Um\u00fdvanie okien"},"content":{"rendered":"<table border=\"0\" cellpadding=\"0\">\n<tbody>\n<tr>\n<td colspan=\"3\">\n<p align=\"center\"><b>Um\u00fdvanie okien<\/b><\/p>\n<\/td>\n<\/tr>\n<tr>\n<td colspan=\"3\">V cene umytia okien je aj umytie parapetov, k\u013eu\u010diek a r\u00e1mov okien<\/td>\n<\/tr>\n<tr>\n<td>\n<p align=\"center\"><b>\u00a0<\/b><\/p>\n<\/td>\n<td>\n<p align=\"center\"><b>be\u017en\u00e9 zne\u010distenie<\/b><\/p>\n<\/td>\n<td>\n<p align=\"center\"><b>siln\u00e9 zne\u010distenie<\/b><\/p>\n<\/td>\n<\/tr>\n<tr>\n<td>jednokr\u00eddlov\u00e9 okno (cca. 150\u00d7115\u00a0cm)<\/td>\n<td>2,50\u00a0\u20ac\/kus<\/td>\n<td>4,00\u00a0\u20ac\/kus<\/td>\n<\/tr>\n<tr>\n<td>dvojkr\u00eddlov\u00e9 okno (cca. 150\u00d7200\u00a0cm)<\/td>\n<td>4,50\u00a0\u20ac\/kus<\/td>\n<td>5,50\u00a0\u20ac\/kus<\/td>\n<\/tr>\n<tr>\n<td>trojkr\u00eddlov\u00e9 okno (cca. 150\u00d7285\u00a0cm)<\/td>\n<td>6,50\u00a0\u20ac\/kus<\/td>\n<td>7,50\u00a0\u20ac\/kus<\/td>\n<\/tr>\n<tr>\n<td>okno s\u00a0in\u00fdmi rozmermi<\/td>\n<td>0,80\u00a0\u20ac\/m2<\/td>\n<td>1,00\u00a0\u20ac\/m2<\/td>\n<\/tr>\n<tr>\n<td>um\u00fdvanie v\u00fdkladov a\u00a0presklen\u00fdch pl\u00f4ch<\/td>\n<td>0,50\u00a0\u20ac\/m2<\/td>\n<td>0,80\u00a0\u20ac\/m2<\/td>\n<\/tr>\n<\/tbody>\n<\/table>\n","protected":false},"excerpt":{"rendered":"<p>Um\u00fdvanie okien V cene umytia okien je aj umytie parapetov, k\u013eu\u010diek a r\u00e1mov okien \u00a0 be\u017en\u00e9 zne\u010distenie siln\u00e9 zne\u010distenie jednokr\u00eddlov\u00e9 okno (cca. 150\u00d7115\u00a0cm) 2,50\u00a0\u20ac\/kus 4,00\u00a0\u20ac\/kus dvojkr\u00eddlov\u00e9 okno (cca. 150\u00d7200\u00a0cm) 4,50\u00a0\u20ac\/kus 5,50\u00a0\u20ac\/kus trojkr\u00eddlov\u00e9 okno (cca. 150\u00d7285\u00a0cm) 6,50\u00a0\u20ac\/kus 7,50\u00a0\u20ac\/kus okno s\u00a0in\u00fdmi rozmermi 0,80\u00a0\u20ac\/m2 1,00\u00a0\u20ac\/m2 um\u00fdvanie v\u00fdkladov a\u00a0presklen\u00fdch pl\u00f4ch 0,50\u00a0\u20ac\/m2 0,80\u00a0\u20ac\/m2<\/p>\n","protected":false},"author":1,"featured_media":0,"parent":0,"menu_order":0,"comment_status":"open","ping_status":"closed","template":"no-sidebar.php","meta":[],"_links":{"self":[{"href":"https:\/\/www.bibsclean.sk\/index.php?rest_route=\/wp\/v2\/pages\/315"}],"collection":[{"href":"https:\/\/www.bibsclean.sk\/index.php?rest_route=\/wp\/v2\/pages"}],"about":[{"href":"https:\/\/www.bibsclean.sk\/index.php?rest_route=\/wp\/v2\/types\/page"}],"author":[{"embeddable":true,"href":"https:\/\/www.bibsclean.sk\/index.php?rest_route=\/wp\/v2\/users\/1"}],"replies":[{"embeddable":true,"href":"https:\/\/www.bibsclean.sk\/index.php?rest_route=%2Fwp%2Fv2%2Fcomments&post=315"}],"version-history":[{"count":1,"href":"https:\/\/www.bibsclean.sk\/index.php?rest_route=\/wp\/v2\/pages\/315\/revisions"}],"predecessor-version":[{"id":316,"href":"https:\/\/www.bibsclean.sk\/index.php?rest_route=\/wp\/v2\/pages\/315\/revisions\/316"}],"wp:attachment":[{"href":"https:\/\/www.bibsclean.sk\/index.php?rest_route=%2Fwp%2Fv2%2Fmedia&parent=315"}],"curies":[{"name":"wp","href":"https:\/\/api.w.org\/{rel}","templated":true}]}}