{"id":312,"date":"2014-04-02T13:00:53","date_gmt":"2014-04-02T11:00:53","guid":{"rendered":"http:\/\/www.bibsclean.sk\/?page_id=312"},"modified":"2014-04-02T13:08:10","modified_gmt":"2014-04-02T11:08:10","slug":"dezinfekcia","status":"publish","type":"page","link":"https:\/\/www.bibsclean.sk\/?page_id=312","title":{"rendered":"Dezinfekcia"},"content":{"rendered":"<table border=\"0\" cellpadding=\"0\">\n<tbody>\n<tr>\n<td colspan=\"3\">\n<p align=\"center\"><b>Vysokotlakov\u00e9 \u010distenie hor\u00facou parou<\/b><\/p>\n<\/td>\n<\/tr>\n<tr>\n<td colspan=\"3\">Cena sa stanovuje po dohode so z\u00e1kazn\u00edkom pod\u013ea miery zne\u010distenia a\u00a0ve\u013ekosti \u010distenej plochy. Touto met\u00f3dou je mo\u017en\u00e9 \u010disti\u0165, dezinfikova\u0165 a\u00a0odmas\u0165ova\u0165 kuchynsk\u00e9 linky, k\u00fape\u013ene, toalety, dla\u017eby, obklady a\u00a0pod.<\/td>\n<\/tr>\n<\/tbody>\n<\/table>\n","protected":false},"excerpt":{"rendered":"<p>Vysokotlakov\u00e9 \u010distenie hor\u00facou parou Cena sa stanovuje po dohode so z\u00e1kazn\u00edkom pod\u013ea miery zne\u010distenia a\u00a0ve\u013ekosti \u010distenej plochy. Touto met\u00f3dou je mo\u017en\u00e9 \u010disti\u0165, dezinfikova\u0165 a\u00a0odmas\u0165ova\u0165 kuchynsk\u00e9 linky, k\u00fape\u013ene, toalety, dla\u017eby, obklady a\u00a0pod.<\/p>\n","protected":false},"author":1,"featured_media":0,"parent":0,"menu_order":0,"comment_status":"open","ping_status":"closed","template":"no-sidebar.php","meta":[],"_links":{"self":[{"href":"https:\/\/www.bibsclean.sk\/index.php?rest_route=\/wp\/v2\/pages\/312"}],"collection":[{"href":"https:\/\/www.bibsclean.sk\/index.php?rest_route=\/wp\/v2\/pages"}],"about":[{"href":"https:\/\/www.bibsclean.sk\/index.php?rest_route=\/wp\/v2\/types\/page"}],"author":[{"embeddable":true,"href":"https:\/\/www.bibsclean.sk\/index.php?rest_route=\/wp\/v2\/users\/1"}],"replies":[{"embeddable":true,"href":"https:\/\/www.bibsclean.sk\/index.php?rest_route=%2Fwp%2Fv2%2Fcomments&post=312"}],"version-history":[{"count":1,"href":"https:\/\/www.bibsclean.sk\/index.php?rest_route=\/wp\/v2\/pages\/312\/revisions"}],"predecessor-version":[{"id":313,"href":"https:\/\/www.bibsclean.sk\/index.php?rest_route=\/wp\/v2\/pages\/312\/revisions\/313"}],"wp:attachment":[{"href":"https:\/\/www.bibsclean.sk\/index.php?rest_route=%2Fwp%2Fv2%2Fmedia&parent=312"}],"curies":[{"name":"wp","href":"https:\/\/api.w.org\/{rel}","templated":true}]}}