{"id":309,"date":"2014-04-02T12:58:14","date_gmt":"2014-04-02T10:58:14","guid":{"rendered":"http:\/\/www.bibsclean.sk\/?page_id=309"},"modified":"2014-04-02T15:19:33","modified_gmt":"2014-04-02T13:19:33","slug":"komplexne-upratovanie","status":"publish","type":"page","link":"https:\/\/www.bibsclean.sk\/?page_id=309","title":{"rendered":"Komplexn\u00e9 upratovanie"},"content":{"rendered":"<table border=\"0\" cellpadding=\"0\">\n<tbody>\n<tr>\n<td colspan=\"3\">\n<p style=\"text-align: center;\" align=\"center\"><span style=\"text-decoration: underline;\"><span style=\"color: #ff0000;\"><a title=\"Bal\u00edky slu\u017eieb\" href=\"http:\/\/www.bibsclean.sk\/?page_id=204\"><span style=\"color: #ff0000; text-decoration: underline;\">AKCIOV\u00c9 \u00a0 BAL\u00cd\u010cKY \u00a0 SLU\u017dIEB \u00a0 PRE \u00a0 DOM\u00c1CNOSTI (klikni pre viac info)<\/span><\/a><\/span><\/span><\/p>\n<p align=\"center\"><b>Jednorazov\u00e9 upratovanie domov, bytov a\u00a0firiem<\/b><\/p>\n<\/td>\n<\/tr>\n<tr>\n<td colspan=\"3\">Jednorazov\u00e9 upratovanie zh\u0155\u0148a: vys\u00e1vanie kobercov, um\u00fdvanie podl\u00e1h, utretie prachu, um\u00fdvanie okien\u00a0+\u00a0r\u00e1m, parapety, k\u013eu\u010dky, um\u00fdvanie sprchov\u00fdch k\u00fatov, van\u00ed, bat\u00e9ri\u00ed, um\u00fdvadiel a WC, um\u00fdvanie dver\u00ed a\u00a0z\u00e1rubn\u00ed.\u00a0V\u00a0pr\u00edpade siln\u00e9ho zne\u010distenia mo\u017en\u00fd pr\u00edplatok do v\u00fd\u0161ky a\u017e 50% z\u00e1kladnej ceny.<\/p>\n<p align=\"center\"><b>Cena za komplexn\u00e9 jednor\u00e1zov\u00e9 \u010distenie predstavuje\u00a0len <span style=\"color: #ff0000;\">1,70\u20ac<\/span>\u00a0za m2!!!<\/b><\/p>\n<\/td>\n<\/tr>\n<\/tbody>\n<\/table>\n","protected":false},"excerpt":{"rendered":"<p>AKCIOV\u00c9 \u00a0 BAL\u00cd\u010cKY \u00a0 SLU\u017dIEB \u00a0 PRE \u00a0 DOM\u00c1CNOSTI (klikni pre viac info) Jednorazov\u00e9 upratovanie domov, bytov a\u00a0firiem Jednorazov\u00e9 upratovanie zh\u0155\u0148a: vys\u00e1vanie kobercov, um\u00fdvanie podl\u00e1h, utretie prachu, um\u00fdvanie okien\u00a0+\u00a0r\u00e1m, parapety, k\u013eu\u010dky, um\u00fdvanie sprchov\u00fdch k\u00fatov, van\u00ed, bat\u00e9ri\u00ed, um\u00fdvadiel a WC, um\u00fdvanie dver\u00ed a\u00a0z\u00e1rubn\u00ed.\u00a0V\u00a0pr\u00edpade siln\u00e9ho zne\u010distenia mo\u017en\u00fd pr\u00edplatok do v\u00fd\u0161ky a\u017e 50% z\u00e1kladnej ceny. Cena za komplexn\u00e9 [&hellip;]<\/p>\n","protected":false},"author":1,"featured_media":0,"parent":0,"menu_order":0,"comment_status":"open","ping_status":"closed","template":"no-sidebar.php","meta":[],"_links":{"self":[{"href":"https:\/\/www.bibsclean.sk\/index.php?rest_route=\/wp\/v2\/pages\/309"}],"collection":[{"href":"https:\/\/www.bibsclean.sk\/index.php?rest_route=\/wp\/v2\/pages"}],"about":[{"href":"https:\/\/www.bibsclean.sk\/index.php?rest_route=\/wp\/v2\/types\/page"}],"author":[{"embeddable":true,"href":"https:\/\/www.bibsclean.sk\/index.php?rest_route=\/wp\/v2\/users\/1"}],"replies":[{"embeddable":true,"href":"https:\/\/www.bibsclean.sk\/index.php?rest_route=%2Fwp%2Fv2%2Fcomments&post=309"}],"version-history":[{"count":7,"href":"https:\/\/www.bibsclean.sk\/index.php?rest_route=\/wp\/v2\/pages\/309\/revisions"}],"predecessor-version":[{"id":359,"href":"https:\/\/www.bibsclean.sk\/index.php?rest_route=\/wp\/v2\/pages\/309\/revisions\/359"}],"wp:attachment":[{"href":"https:\/\/www.bibsclean.sk\/index.php?rest_route=%2Fwp%2Fv2%2Fmedia&parent=309"}],"curies":[{"name":"wp","href":"https:\/\/api.w.org\/{rel}","templated":true}]}}