{"id":20,"date":"2014-01-12T19:17:47","date_gmt":"2014-01-12T17:17:47","guid":{"rendered":"http:\/\/www.bibsclean.sk\/?page_id=20"},"modified":"2020-10-19T20:29:13","modified_gmt":"2020-10-19T18:29:13","slug":"cennik","status":"publish","type":"page","link":"https:\/\/www.bibsclean.sk\/?page_id=20","title":{"rendered":"Kompletn\u00fd cenn\u00edk"},"content":{"rendered":"<p align=\"center\">Cenn\u00edk je platn\u00fd od\u00a01.11.2020<\/p>\n<p style=\"text-align: justify;\">Cena za dopravu v\u00a0r\u00e1mci mesta Pre\u0161ov je\u00a03 \u20ac, mimo Pre\u0161ov je cena dohodou.<\/p>\n<table border=\"0\" cellpadding=\"0\">\n<tbody>\n<tr>\n<td colspan=\"3\"><\/td>\n<\/tr>\n<tr>\n<td colspan=\"3\">\n<p align=\"center\"><b>\u010cistenie a tepovanie kobercov<br \/>\n<\/b><\/p>\n<\/td>\n<\/tr>\n<tr>\n<td>Tepovanie a \u010distenie kobercov pre dom\u00e1cnosti<\/td>\n<td colspan=\"2\">1,55\u00a0\u20ac\/m<sup>2<br \/>\n<\/sup><\/td>\n<\/tr>\n<tr>\n<td>Tepovanie a \u010distenie kobercov pre firmy<\/td>\n<td colspan=\"2\">1,25\u00a0\u20ac\/m<sup>2<br \/>\n<\/sup><\/td>\n<\/tr>\n<tr>\n<td>Tepovanie a \u010distenie kusov\u00fdch kobercov<\/td>\n<td colspan=\"2\">1,75 \u20ac\/m<sup>2<br \/>\n<\/sup><\/td>\n<\/tr>\n<tr>\n<td colspan=\"3\">\n<table border=\"0\" cellpadding=\"0\">\n<tbody>\n<tr>\n<td colspan=\"3\">\n<p align=\"center\"><b>Samostatn\u00e9 vys\u00e1vanie kobercov<\/b><\/p>\n<\/td>\n<\/tr>\n<tr>\n<td>Vys\u00e1vanie kobercov<\/td>\n<td colspan=\"2\">0,30 \u20ac\/m2 <i><br \/>\n<\/i><\/td>\n<\/tr>\n<tr>\n<td>Vys\u00e1vanie kobercov, vysok\u00fd vlas<\/td>\n<td colspan=\"2\">0,35 \u20ac\/m2 <i><br \/>\n<\/i><\/td>\n<\/tr>\n<tr>\n<td>Vys\u00e1vanie pevnej podlahy<\/td>\n<td colspan=\"2\">0,30 \u20ac\/m2 <i><br \/>\n<\/i><\/td>\n<\/tr>\n<\/tbody>\n<\/table>\n<p align=\"center\"><b style=\"text-align: left;\">Parn\u00e9 \u010distenie a tepovanie kresiel, seda\u010diek<\/b><\/p>\n<\/td>\n<\/tr>\n<tr>\n<td>Tepovanie a \u010distenie seda\u010diek, gau\u010dov<\/td>\n<td colspan=\"2\">od 5,00 \u20ac do 8,00\u20ac\/miesto na sedenie <i><br \/>\n<\/i><\/td>\n<\/tr>\n<tr>\n<td>Tepovanie a \u010distenie kresiel<\/td>\n<td colspan=\"2\">od 6,00 \u20ac \/kus <i><br \/>\n<\/i><\/td>\n<\/tr>\n<tr>\n<td>Tepovanie a \u010distenie vank\u00fa\u0161ov<\/td>\n<td colspan=\"2\">od 1,00\u20ac\u00a0\u2013 4,00\u00a0\u20ac\/kus <i><br \/>\n<\/i><\/td>\n<\/tr>\n<tr>\n<td>Tepovanie a \u010distenie\u00a0 kancel\u00e1rskych stoli\u010diek<\/td>\n<td colspan=\"2\">3,00\u00a0\u20ac\/kus <i><br \/>\n<\/i><\/td>\n<\/tr>\n<tr>\n<td>Tepovanie a \u010distenie taburetiek<\/td>\n<td colspan=\"2\">2,00 \u2013 10,00\u00a0\u20ac\/kus <i><br \/>\n<\/i><\/td>\n<\/tr>\n<tr>\n<td colspan=\"3\">\n<p align=\"center\"><b>Parn\u00e9 \u010distenie a tepovanie matracov, postel\u00ed a stoli\u010diek<\/b><\/p>\n<\/td>\n<\/tr>\n<tr>\n<td><\/td>\n<td colspan=\"2\"><i><br \/>\n<\/i><\/td>\n<\/tr>\n<tr>\n<td>\u010cistenie a tepovanie postel\u00ed<\/td>\n<td colspan=\"2\">od\u00a06,50\u00a0\u20ac\/kus <i><br \/>\n<\/i><\/td>\n<\/tr>\n<tr>\n<td>\u010cistenie a tepovanie man\u017eelskej postele<\/td>\n<td colspan=\"2\">od 20\u00a0\u20ac\/kus <i><br \/>\n<\/i><\/td>\n<\/tr>\n<tr>\n<td>\u010cistenie a tepovanie stoli\u010diek jeden sed\u00e1k<\/td>\n<td colspan=\"2\">od 3,50\u00a0\u20ac\/kus <i><br \/>\n<\/i><\/td>\n<\/tr>\n<tr>\n<td colspan=\"3\">\n<p align=\"center\"><b>Um\u00fdvanie okien<\/b><\/p>\n<\/td>\n<\/tr>\n<tr>\n<td colspan=\"3\">V cene umytia okien je aj umytie parapetov, k\u013eu\u010diek a r\u00e1mov okien<\/td>\n<\/tr>\n<tr>\n<td>\n<p align=\"center\"><b>\u00a0<\/b><\/p>\n<\/td>\n<td>\n<p align=\"center\"><b>be\u017en\u00e9 zne\u010distenie<\/b><\/p>\n<\/td>\n<td>\n<p align=\"center\"><b>siln\u00e9 zne\u010distenie<\/b><\/p>\n<\/td>\n<\/tr>\n<tr>\n<td>jednokr\u00eddlov\u00e9 okno (cca. 150\u00d7115\u00a0cm)<\/td>\n<td>4,50\u00a0\u20ac\/kus <i><br \/>\n<\/i><\/td>\n<td>7,50\u00a0\u20ac\/kus\u00a0 <i><br \/>\n<\/i><\/td>\n<\/tr>\n<tr>\n<td>dvojkr\u00eddlov\u00e9 okno (cca. 150\u00d7200\u00a0cm)<\/td>\n<td>6,50 \u20ac\/kus <i><br \/>\n<\/i><\/td>\n<td>8,00 \u20ac\/kus <i><br \/>\n<\/i><\/td>\n<\/tr>\n<tr>\n<td>trojkr\u00eddlov\u00e9 okno (cca. 150\u00d7285\u00a0cm)<\/td>\n<td>9,50\u00a0\u20ac\/kus <i><br \/>\n<\/i><\/td>\n<td>12,50\u00a0\u20ac\/kus <i><br \/>\n<\/i><\/td>\n<\/tr>\n<tr>\n<td>okno s\u00a0in\u00fdmi rozmermi<\/td>\n<td>4,50\u00a0\u20ac\/m<sup>2<br \/>\n<\/sup><\/td>\n<td>7,50\u00a0\u20ac\/m<sup>2<br \/>\n<\/sup><\/td>\n<\/tr>\n<tr>\n<td>um\u00fdvanie v\u00fdkladov a\u00a0presklen\u00fdch pl\u00f4ch<\/td>\n<td>1,25\u00a0\u20ac\/m<sup>2<br \/>\n<\/sup><\/td>\n<td>2,50\u00a0\u20ac\/m<sup>2<br \/>\n<\/sup><\/td>\n<\/tr>\n<tr>\n<td colspan=\"3\">\n<p align=\"center\"><b>Um\u00fdvanie podlahy<\/b><\/p>\n<\/td>\n<\/tr>\n<tr>\n<td>Be\u017en\u00e9 zne\u010distenie<\/td>\n<td colspan=\"2\">od 0,75 \u20ac\/m<sup>2<br \/>\n<\/sup><\/td>\n<\/tr>\n<tr>\n<td>Siln\u00e9 zne\u010distenie<\/td>\n<td colspan=\"2\">od 1,25 \u20ac\/m<sup>2<br \/>\n<\/sup><\/td>\n<\/tr>\n<tr>\n<td colspan=\"3\">\n<p align=\"center\"><b>Utieranie prachu, le\u0161tenie n\u00e1bytku a in\u00e9 \u010distenie<\/b><\/p>\n<\/td>\n<\/tr>\n<tr>\n<td>Utieranie prachu, le\u0161tenie n\u00e1bytku<\/td>\n<td colspan=\"2\">od\u00a012,00 \u20ac\/hod. <i><br \/>\n<\/i><\/td>\n<\/tr>\n<tr>\n<td colspan=\"3\">\n<p align=\"center\"><b>Jednorazov\u00e9 upratovanie domov, bytov a\u00a0firiem<\/b><\/p>\n<\/td>\n<\/tr>\n<tr>\n<td style=\"text-align: justify;\" colspan=\"3\">Jednorazov\u00e9 upratovanie zh\u0155\u0148a: vys\u00e1vanie kobercov, um\u00fdvanie podl\u00e1h, utretie prachu, um\u00fdvanie okien\u00a0+\u00a0r\u00e1m, parapety, k\u013eu\u010dky, um\u00fdvanie sprchov\u00fdch k\u00fatov, van\u00ed, bat\u00e9ri\u00ed, um\u00fdvadiel a WC, um\u00fdvanie dver\u00ed a\u00a0z\u00e1rubn\u00ed.\u00a0V\u00a0pr\u00edpade siln\u00e9ho zne\u010distenia mo\u017en\u00fd pr\u00edplatok do v\u00fd\u0161ky a\u017e 50% z\u00e1kladnej ceny.<\/p>\n<p align=\"center\"><b>Cena za komplexn\u00e9 jednor\u00e1zov\u00e9 \u010distenie\u00a0sa stanovuje individu\u00e1lne po obhliadke a dohode<\/b><\/p>\n<\/td>\n<\/tr>\n<tr>\n<td colspan=\"3\">\n<p align=\"center\"><b>Vysokotlakov\u00e9 \u010distenie hor\u00facou parou<\/b><\/p>\n<\/td>\n<\/tr>\n<tr>\n<td style=\"text-align: justify;\" colspan=\"3\">Cena sa stanovuje po dohode so z\u00e1kazn\u00edkom pod\u013ea miery zne\u010distenia a\u00a0ve\u013ekosti \u010distenej plochy. Touto met\u00f3dou je mo\u017en\u00e9 \u010disti\u0165, dezinfikova\u0165 a\u00a0odmas\u0165ova\u0165 kuchynsk\u00e9 linky, k\u00fape\u013ene, toalety, dla\u017eby, obklady a\u00a0pod.<\/td>\n<\/tr>\n<\/tbody>\n<\/table>\n<p style=\"text-align: justify;\"><i>Ceny \u010fal\u0161\u00edch (tu neuveden\u00fdch) upratovac\u00edch slu\u017eieb ur\u010dujeme individu\u00e1lne pod\u013ea potrieb z\u00e1kazn\u00edka (k\u00fapel\u0148a, kuchynsk\u00e1 linka a\u00a0in\u00e9) na z\u00e1klade rozsahu zne\u010distenia, rozlohy, dostupnosti upratovanej plochy a\u00a0podobne.\u00a0<\/i><\/p>\n<p><i>Ceny s\u00fa kone\u010dn\u00e9 <strong>vr\u00e1tane DPH<\/strong> bez ak\u00fdchko\u013evek skryt\u00fdch poplatkov a\u00a0v\u00a0cene s\u00fa zahrnut\u00e9 aj \u010distiace prostriedky. Ceny s\u00fa stanoven\u00e9 za be\u017en\u00e9 zne\u010distenie.<\/i><\/p>\n<h6>*Z\u013eavy\u00a0nie je mo\u017en\u00e9 navz\u00e1jom kombinova\u0165. Pri n\u00e1roku na viac zliav pri jednej objedn\u00e1vke sa uplatn\u00ed pre z\u00e1kazn\u00edka najv\u00fdhodnej\u0161ia z\u013eava a ostatn\u00e9 z\u013eavy sa nezoh\u013eadnia v kone\u010dnej cene.<\/h6>\n<p>&nbsp;<\/p>\n","protected":false},"excerpt":{"rendered":"<p>Cenn\u00edk je platn\u00fd od\u00a01.11.2020 Cena za dopravu v\u00a0r\u00e1mci mesta Pre\u0161ov je\u00a03 \u20ac, mimo Pre\u0161ov je cena dohodou. \u010cistenie a tepovanie kobercov Tepovanie a \u010distenie kobercov pre dom\u00e1cnosti 1,55\u00a0\u20ac\/m2 Tepovanie a \u010distenie kobercov pre firmy 1,25\u00a0\u20ac\/m2 Tepovanie a \u010distenie kusov\u00fdch kobercov 1,75 \u20ac\/m2 Samostatn\u00e9 vys\u00e1vanie kobercov Vys\u00e1vanie kobercov 0,30 \u20ac\/m2 Vys\u00e1vanie kobercov, vysok\u00fd vlas 0,35 \u20ac\/m2 [&hellip;]<\/p>\n","protected":false},"author":1,"featured_media":0,"parent":0,"menu_order":0,"comment_status":"closed","ping_status":"open","template":"","meta":[],"_links":{"self":[{"href":"https:\/\/www.bibsclean.sk\/index.php?rest_route=\/wp\/v2\/pages\/20"}],"collection":[{"href":"https:\/\/www.bibsclean.sk\/index.php?rest_route=\/wp\/v2\/pages"}],"about":[{"href":"https:\/\/www.bibsclean.sk\/index.php?rest_route=\/wp\/v2\/types\/page"}],"author":[{"embeddable":true,"href":"https:\/\/www.bibsclean.sk\/index.php?rest_route=\/wp\/v2\/users\/1"}],"replies":[{"embeddable":true,"href":"https:\/\/www.bibsclean.sk\/index.php?rest_route=%2Fwp%2Fv2%2Fcomments&post=20"}],"version-history":[{"count":42,"href":"https:\/\/www.bibsclean.sk\/index.php?rest_route=\/wp\/v2\/pages\/20\/revisions"}],"predecessor-version":[{"id":551,"href":"https:\/\/www.bibsclean.sk\/index.php?rest_route=\/wp\/v2\/pages\/20\/revisions\/551"}],"wp:attachment":[{"href":"https:\/\/www.bibsclean.sk\/index.php?rest_route=%2Fwp%2Fv2%2Fmedia&parent=20"}],"curies":[{"name":"wp","href":"https:\/\/api.w.org\/{rel}","templated":true}]}}