{"id":175,"date":"2014-01-20T15:47:05","date_gmt":"2014-01-20T13:47:05","guid":{"rendered":"http:\/\/www.bibsclean.sk\/?page_id=175"},"modified":"2016-02-29T21:23:42","modified_gmt":"2016-02-29T19:23:42","slug":"objednavka","status":"publish","type":"page","link":"https:\/\/www.bibsclean.sk\/?page_id=175","title":{"rendered":"Objedn\u00e1vka"},"content":{"rendered":"<p>Pomocou tohto formul\u00e1ra n\u00e1m m\u00f4\u017ete posla\u0165 svoju nez\u00e1v\u00e4zn\u00fa objedn\u00e1vku.<\/p>\n<p>Po obdr\u017ean\u00ed objedn\u00e1vky V\u00e1s budeme kontaktova\u0165 pre upresnenie Va\u0161ich po\u017eiadaviek a stanovenie predbe\u017enej ceny.<\/p>\n<p>[contact-form-7 id=&#8220;173&#8243; title=&#8220;Objedn\u00e1vka&#8220;]<\/p>\n<p>&nbsp;<\/p>\n","protected":false},"excerpt":{"rendered":"<p>Pomocou tohto formul\u00e1ra n\u00e1m m\u00f4\u017ete posla\u0165 svoju nez\u00e1v\u00e4zn\u00fa objedn\u00e1vku. Po obdr\u017ean\u00ed objedn\u00e1vky V\u00e1s budeme kontaktova\u0165 pre upresnenie Va\u0161ich po\u017eiadaviek a stanovenie predbe\u017enej ceny. [contact-form-7 id=&#8220;173&#8243; title=&#8220;Objedn\u00e1vka&#8220;] &nbsp;<\/p>\n","protected":false},"author":1,"featured_media":0,"parent":4,"menu_order":0,"comment_status":"open","ping_status":"closed","template":"","meta":[],"_links":{"self":[{"href":"https:\/\/www.bibsclean.sk\/index.php?rest_route=\/wp\/v2\/pages\/175"}],"collection":[{"href":"https:\/\/www.bibsclean.sk\/index.php?rest_route=\/wp\/v2\/pages"}],"about":[{"href":"https:\/\/www.bibsclean.sk\/index.php?rest_route=\/wp\/v2\/types\/page"}],"author":[{"embeddable":true,"href":"https:\/\/www.bibsclean.sk\/index.php?rest_route=\/wp\/v2\/users\/1"}],"replies":[{"embeddable":true,"href":"https:\/\/www.bibsclean.sk\/index.php?rest_route=%2Fwp%2Fv2%2Fcomments&post=175"}],"version-history":[{"count":3,"href":"https:\/\/www.bibsclean.sk\/index.php?rest_route=\/wp\/v2\/pages\/175\/revisions"}],"predecessor-version":[{"id":256,"href":"https:\/\/www.bibsclean.sk\/index.php?rest_route=\/wp\/v2\/pages\/175\/revisions\/256"}],"up":[{"embeddable":true,"href":"https:\/\/www.bibsclean.sk\/index.php?rest_route=\/wp\/v2\/pages\/4"}],"wp:attachment":[{"href":"https:\/\/www.bibsclean.sk\/index.php?rest_route=%2Fwp%2Fv2%2Fmedia&parent=175"}],"curies":[{"name":"wp","href":"https:\/\/api.w.org\/{rel}","templated":true}]}}